{"id":1110,"date":"2023-10-24T11:18:46","date_gmt":"2023-10-24T09:18:46","guid":{"rendered":"https:\/\/perlecoiffure.fr\/?page_id=1110"},"modified":"2023-10-24T11:27:28","modified_gmt":"2023-10-24T09:27:28","slug":"mentions-legales","status":"publish","type":"page","link":"https:\/\/perlecoiffure.fr\/index.php\/mentions-legales\/","title":{"rendered":"Mentions l\u00e9gales"},"content":{"rendered":"\n<p><\/p>\n\n\n\n<p><strong>Mentions l\u00e9gales<\/strong><\/p>\n\n\n\n<p>Nom du site : www.perlecoiffure.fr<\/p>\n\n\n\n<p>Adresse : 38 avenue auguste Blanqui 75013 paris <\/p>\n\n\n\n<p>T\u00e9l\u00e9phone : 06 51 98 24 04<\/p>\n\n\n\n<p>Adresse e-mail : constructeurdigital@gmail.com<\/p>\n\n\n\n<p>Responsable de la publication : Andr\u00e9 TRANG<\/p>\n\n\n\n<p>Num\u00e9ro SIRET : 81006342000014<\/p>\n\n\n\n<p>Capital social : [Indiquer le capital social de votre entreprise]<\/p>\n\n\n\n<p>L\u2019h\u00e9bergement de ce site est assur\u00e9 par la soci\u00e9t\u00e9 HOSTINGER INTERNATIONAL LTD, dont le si\u00e8ge social se situe 61 Lordou Vironos Street, 6023 Larnaca, Chypre, joignable par le moyen suivant :\u00a0<a href=\"https:\/\/www.hostinger.fr\/contact\" target=\"_blank\" rel=\"noreferrer noopener\">https:\/\/www.hostinger.fr\/contact<\/a>.<\/p>\n\n\n\n<p>D\u00e9veloppement du site : Andr\u00e9 TRANG<\/p>\n\n\n\n<p>Propri\u00e9t\u00e9 intellectuelle : Le site et son contenu sont la propri\u00e9t\u00e9 exclusive de PERLE COIFFURE. Toute reproduction, totale ou partielle, est interdite sans autorisation pr\u00e9alable.<\/p>\n\n\n\n<p>Protection des donn\u00e9es personnelles : Les donn\u00e9es personnelles collect\u00e9es sont uniquement destin\u00e9es \u00e0 un usage interne. En aucun cas ces donn\u00e9es ne seront c\u00e9d\u00e9es ou vendues \u00e0 des tiers.<\/p>\n\n\n\n<p>Cookies : Le site peut utiliser des cookies pour am\u00e9liorer l&rsquo;exp\u00e9rience de l&rsquo;utilisateur. En naviguant sur ce site, vous acceptez l&rsquo;utilisation des cookies.<\/p>\n\n\n\n<p>Droit d&rsquo;acc\u00e8s et de rectification : Conform\u00e9ment \u00e0 la loi \u00ab\u00a0Informatique et Libert\u00e9s\u00a0\u00bb du 6 janvier 1978, vous b\u00e9n\u00e9ficiez d&rsquo;un droit d&rsquo;acc\u00e8s et de rectification aux informations qui vous concernent. Vous pouvez exercer ce droit en nous contactant \u00e0 l&rsquo;adresse [Indiquer l&rsquo;adresse de contact].<\/p>\n\n\n\n<p>Droit applicable et attribution de juridiction : Tout litige en relation avec l&rsquo;utilisation du site est soumis au droit fran\u00e7ais. Il est fait attribution exclusive de juridiction aux tribunaux comp\u00e9tents de [Indiquer le lieu du tribunal comp\u00e9tent].<\/p>\n\n\n\n<p>Pour toute information compl\u00e9mentaire, vous pouvez nous contacter \u00e0 l&rsquo;adresse constructeurdigital@gmail.com<\/p>\n","protected":false},"excerpt":{"rendered":"<p>Mentions l\u00e9gales Nom du site : www.perlecoiffure.fr Adresse : 38 avenue auguste Blanqui 75013 paris T\u00e9l\u00e9phone : 06 51 98 24 04 Adresse e-mail : constructeurdigital@gmail.com Responsable de la publication : Andr\u00e9 TRANG Num\u00e9ro SIRET : 81006342000014 Capital social : [Indiquer le capital social de votre entreprise] L\u2019h\u00e9bergement de ce site est assur\u00e9 par la [&hellip;]<\/p>\n","protected":false},"author":1,"featured_media":0,"parent":0,"menu_order":0,"comment_status":"closed","ping_status":"closed","template":"","meta":{"ocean_post_layout":"","ocean_both_sidebars_style":"","ocean_both_sidebars_content_width":0,"ocean_both_sidebars_sidebars_width":0,"ocean_sidebar":"","ocean_second_sidebar":"","ocean_disable_margins":"enable","ocean_add_body_class":"","ocean_shortcode_before_top_bar":"","ocean_shortcode_after_top_bar":"","ocean_shortcode_before_header":"","ocean_shortcode_after_header":"","ocean_has_shortcode":"","ocean_shortcode_after_title":"","ocean_shortcode_before_footer_widgets":"","ocean_shortcode_after_footer_widgets":"","ocean_shortcode_before_footer_bottom":"","ocean_shortcode_after_footer_bottom":"","ocean_display_top_bar":"default","ocean_display_header":"default","ocean_header_style":"","ocean_center_header_left_menu":"","ocean_custom_header_template":"","ocean_custom_logo":0,"ocean_custom_retina_logo":0,"ocean_custom_logo_max_width":0,"ocean_custom_logo_tablet_max_width":0,"ocean_custom_logo_mobile_max_width":0,"ocean_custom_logo_max_height":0,"ocean_custom_logo_tablet_max_height":0,"ocean_custom_logo_mobile_max_height":0,"ocean_header_custom_menu":"","ocean_menu_typo_font_family":"","ocean_menu_typo_font_subset":"","ocean_menu_typo_font_size":0,"ocean_menu_typo_font_size_tablet":0,"ocean_menu_typo_font_size_mobile":0,"ocean_menu_typo_font_size_unit":"px","ocean_menu_typo_font_weight":"","ocean_menu_typo_font_weight_tablet":"","ocean_menu_typo_font_weight_mobile":"","ocean_menu_typo_transform":"","ocean_menu_typo_transform_tablet":"","ocean_menu_typo_transform_mobile":"","ocean_menu_typo_line_height":0,"ocean_menu_typo_line_height_tablet":0,"ocean_menu_typo_line_height_mobile":0,"ocean_menu_typo_line_height_unit":"","ocean_menu_typo_spacing":0,"ocean_menu_typo_spacing_tablet":0,"ocean_menu_typo_spacing_mobile":0,"ocean_menu_typo_spacing_unit":"","ocean_menu_link_color":"","ocean_menu_link_color_hover":"","ocean_menu_link_color_active":"","ocean_menu_link_background":"","ocean_menu_link_hover_background":"","ocean_menu_link_active_background":"","ocean_menu_social_links_bg":"","ocean_menu_social_hover_links_bg":"","ocean_menu_social_links_color":"","ocean_menu_social_hover_links_color":"","ocean_disable_title":"default","ocean_disable_heading":"default","ocean_post_title":"","ocean_post_subheading":"","ocean_post_title_style":"","ocean_post_title_background_color":"","ocean_post_title_background":0,"ocean_post_title_bg_image_position":"","ocean_post_title_bg_image_attachment":"","ocean_post_title_bg_image_repeat":"","ocean_post_title_bg_image_size":"","ocean_post_title_height":0,"ocean_post_title_bg_overlay":0.5,"ocean_post_title_bg_overlay_color":"","ocean_disable_breadcrumbs":"default","ocean_breadcrumbs_color":"","ocean_breadcrumbs_separator_color":"","ocean_breadcrumbs_links_color":"","ocean_breadcrumbs_links_hover_color":"","ocean_display_footer_widgets":"default","ocean_display_footer_bottom":"default","ocean_custom_footer_template":"","footnotes":""},"yoast_head":"<!-- This site is optimized with the Yoast SEO plugin v22.7 - https:\/\/yoast.com\/wordpress\/plugins\/seo\/ -->\n<title>Mentions l\u00e9gales | Perle Coiffure<\/title>\n<meta name=\"robots\" content=\"index, follow, max-snippet:-1, max-image-preview:large, max-video-preview:-1\" \/>\n<link rel=\"canonical\" href=\"https:\/\/perlecoiffure.fr\/index.php\/mentions-legales\/\" \/>\n<meta property=\"og:locale\" content=\"fr_FR\" \/>\n<meta property=\"og:type\" content=\"article\" \/>\n<meta property=\"og:title\" content=\"Mentions l\u00e9gales | Perle Coiffure\" \/>\n<meta property=\"og:description\" content=\"Mentions l\u00e9gales Nom du site : www.perlecoiffure.fr Adresse : 38 avenue auguste Blanqui 75013 paris T\u00e9l\u00e9phone : 06 51 98 24 04 Adresse e-mail : constructeurdigital@gmail.com Responsable de la publication : Andr\u00e9 TRANG Num\u00e9ro SIRET : 81006342000014 Capital social : [Indiquer le capital social de votre entreprise] L\u2019h\u00e9bergement de ce site est assur\u00e9 par la [&hellip;]\" \/>\n<meta property=\"og:url\" content=\"https:\/\/perlecoiffure.fr\/index.php\/mentions-legales\/\" \/>\n<meta property=\"og:site_name\" content=\"Perle Coiffure\" \/>\n<meta property=\"article:modified_time\" content=\"2023-10-24T09:27:28+00:00\" \/>\n<meta name=\"twitter:card\" content=\"summary_large_image\" \/>\n<meta name=\"twitter:label1\" content=\"Dur\u00e9e de lecture estim\u00e9e\" \/>\n\t<meta name=\"twitter:data1\" content=\"2 minutes\" \/>\n<script type=\"application\/ld+json\" class=\"yoast-schema-graph\">{\"@context\":\"https:\/\/schema.org\",\"@graph\":[{\"@type\":\"WebPage\",\"@id\":\"https:\/\/perlecoiffure.fr\/index.php\/mentions-legales\/\",\"url\":\"https:\/\/perlecoiffure.fr\/index.php\/mentions-legales\/\",\"name\":\"Mentions l\u00e9gales | Perle Coiffure\",\"isPartOf\":{\"@id\":\"https:\/\/perlecoiffure.fr\/#website\"},\"datePublished\":\"2023-10-24T09:18:46+00:00\",\"dateModified\":\"2023-10-24T09:27:28+00:00\",\"breadcrumb\":{\"@id\":\"https:\/\/perlecoiffure.fr\/index.php\/mentions-legales\/#breadcrumb\"},\"inLanguage\":\"fr-FR\",\"potentialAction\":[{\"@type\":\"ReadAction\",\"target\":[\"https:\/\/perlecoiffure.fr\/index.php\/mentions-legales\/\"]}]},{\"@type\":\"BreadcrumbList\",\"@id\":\"https:\/\/perlecoiffure.fr\/index.php\/mentions-legales\/#breadcrumb\",\"itemListElement\":[{\"@type\":\"ListItem\",\"position\":1,\"name\":\"Accueil\",\"item\":\"https:\/\/perlecoiffure.fr\/\"},{\"@type\":\"ListItem\",\"position\":2,\"name\":\"Mentions l\u00e9gales\"}]},{\"@type\":\"WebSite\",\"@id\":\"https:\/\/perlecoiffure.fr\/#website\",\"url\":\"https:\/\/perlecoiffure.fr\/\",\"name\":\"Perle Coiffure | Salon de coiffure familiale Paris 13\",\"description\":\"\",\"publisher\":{\"@id\":\"https:\/\/perlecoiffure.fr\/#organization\"},\"potentialAction\":[{\"@type\":\"SearchAction\",\"target\":{\"@type\":\"EntryPoint\",\"urlTemplate\":\"https:\/\/perlecoiffure.fr\/?s={search_term_string}\"},\"query-input\":\"required name=search_term_string\"}],\"inLanguage\":\"fr-FR\"},{\"@type\":\"Organization\",\"@id\":\"https:\/\/perlecoiffure.fr\/#organization\",\"name\":\"Perle Coiffure | Salon de coiffure familiale Paris 13\",\"url\":\"https:\/\/perlecoiffure.fr\/\",\"logo\":{\"@type\":\"ImageObject\",\"inLanguage\":\"fr-FR\",\"@id\":\"https:\/\/perlecoiffure.fr\/#\/schema\/logo\/image\/\",\"url\":\"https:\/\/perlecoiffure.fr\/wp-content\/uploads\/2023\/10\/cropped-Design-sans-titre-19.png\",\"contentUrl\":\"https:\/\/perlecoiffure.fr\/wp-content\/uploads\/2023\/10\/cropped-Design-sans-titre-19.png\",\"width\":800,\"height\":800,\"caption\":\"Perle Coiffure | Salon de coiffure familiale Paris 13\"},\"image\":{\"@id\":\"https:\/\/perlecoiffure.fr\/#\/schema\/logo\/image\/\"}}]}<\/script>\n<!-- \/ Yoast SEO plugin. -->","yoast_head_json":{"title":"Mentions l\u00e9gales | Perle Coiffure","robots":{"index":"index","follow":"follow","max-snippet":"max-snippet:-1","max-image-preview":"max-image-preview:large","max-video-preview":"max-video-preview:-1"},"canonical":"https:\/\/perlecoiffure.fr\/index.php\/mentions-legales\/","og_locale":"fr_FR","og_type":"article","og_title":"Mentions l\u00e9gales | Perle Coiffure","og_description":"Mentions l\u00e9gales Nom du site : www.perlecoiffure.fr Adresse : 38 avenue auguste Blanqui 75013 paris T\u00e9l\u00e9phone : 06 51 98 24 04 Adresse e-mail : constructeurdigital@gmail.com Responsable de la publication : Andr\u00e9 TRANG Num\u00e9ro SIRET : 81006342000014 Capital social : [Indiquer le capital social de votre entreprise] L\u2019h\u00e9bergement de ce site est assur\u00e9 par la [&hellip;]","og_url":"https:\/\/perlecoiffure.fr\/index.php\/mentions-legales\/","og_site_name":"Perle Coiffure","article_modified_time":"2023-10-24T09:27:28+00:00","twitter_card":"summary_large_image","twitter_misc":{"Dur\u00e9e de lecture estim\u00e9e":"2 minutes"},"schema":{"@context":"https:\/\/schema.org","@graph":[{"@type":"WebPage","@id":"https:\/\/perlecoiffure.fr\/index.php\/mentions-legales\/","url":"https:\/\/perlecoiffure.fr\/index.php\/mentions-legales\/","name":"Mentions l\u00e9gales | Perle Coiffure","isPartOf":{"@id":"https:\/\/perlecoiffure.fr\/#website"},"datePublished":"2023-10-24T09:18:46+00:00","dateModified":"2023-10-24T09:27:28+00:00","breadcrumb":{"@id":"https:\/\/perlecoiffure.fr\/index.php\/mentions-legales\/#breadcrumb"},"inLanguage":"fr-FR","potentialAction":[{"@type":"ReadAction","target":["https:\/\/perlecoiffure.fr\/index.php\/mentions-legales\/"]}]},{"@type":"BreadcrumbList","@id":"https:\/\/perlecoiffure.fr\/index.php\/mentions-legales\/#breadcrumb","itemListElement":[{"@type":"ListItem","position":1,"name":"Accueil","item":"https:\/\/perlecoiffure.fr\/"},{"@type":"ListItem","position":2,"name":"Mentions l\u00e9gales"}]},{"@type":"WebSite","@id":"https:\/\/perlecoiffure.fr\/#website","url":"https:\/\/perlecoiffure.fr\/","name":"Perle Coiffure | Salon de coiffure familiale Paris 13","description":"","publisher":{"@id":"https:\/\/perlecoiffure.fr\/#organization"},"potentialAction":[{"@type":"SearchAction","target":{"@type":"EntryPoint","urlTemplate":"https:\/\/perlecoiffure.fr\/?s={search_term_string}"},"query-input":"required name=search_term_string"}],"inLanguage":"fr-FR"},{"@type":"Organization","@id":"https:\/\/perlecoiffure.fr\/#organization","name":"Perle Coiffure | Salon de coiffure familiale Paris 13","url":"https:\/\/perlecoiffure.fr\/","logo":{"@type":"ImageObject","inLanguage":"fr-FR","@id":"https:\/\/perlecoiffure.fr\/#\/schema\/logo\/image\/","url":"https:\/\/perlecoiffure.fr\/wp-content\/uploads\/2023\/10\/cropped-Design-sans-titre-19.png","contentUrl":"https:\/\/perlecoiffure.fr\/wp-content\/uploads\/2023\/10\/cropped-Design-sans-titre-19.png","width":800,"height":800,"caption":"Perle Coiffure | Salon de coiffure familiale Paris 13"},"image":{"@id":"https:\/\/perlecoiffure.fr\/#\/schema\/logo\/image\/"}}]}},"_links":{"self":[{"href":"https:\/\/perlecoiffure.fr\/index.php\/wp-json\/wp\/v2\/pages\/1110"}],"collection":[{"href":"https:\/\/perlecoiffure.fr\/index.php\/wp-json\/wp\/v2\/pages"}],"about":[{"href":"https:\/\/perlecoiffure.fr\/index.php\/wp-json\/wp\/v2\/types\/page"}],"author":[{"embeddable":true,"href":"https:\/\/perlecoiffure.fr\/index.php\/wp-json\/wp\/v2\/users\/1"}],"replies":[{"embeddable":true,"href":"https:\/\/perlecoiffure.fr\/index.php\/wp-json\/wp\/v2\/comments?post=1110"}],"version-history":[{"count":0,"href":"https:\/\/perlecoiffure.fr\/index.php\/wp-json\/wp\/v2\/pages\/1110\/revisions"}],"wp:attachment":[{"href":"https:\/\/perlecoiffure.fr\/index.php\/wp-json\/wp\/v2\/media?parent=1110"}],"curies":[{"name":"wp","href":"https:\/\/api.w.org\/{rel}","templated":true}]}}